{"id":154,"date":"2023-03-02T16:55:22","date_gmt":"2023-03-02T16:55:22","guid":{"rendered":"https:\/\/www.cemmle.cl\/1984\/?page_id=154"},"modified":"2026-03-10T14:02:48","modified_gmt":"2026-03-10T14:02:48","slug":"cursos","status":"publish","type":"page","link":"https:\/\/www.cemmle.cl\/1984\/index.php\/cursos\/","title":{"rendered":"Cursos"},"content":{"rendered":"\n<figure class=\"wp-block-image size-full\"><img loading=\"lazy\" decoding=\"async\" width=\"600\" height=\"300\" src=\"https:\/\/www.cemmle.cl\/1984\/wp-content\/uploads\/2026\/03\/CURSOS.jpg\" alt=\"\" class=\"wp-image-2027\" srcset=\"https:\/\/www.cemmle.cl\/1984\/wp-content\/uploads\/2026\/03\/CURSOS.jpg 600w, https:\/\/www.cemmle.cl\/1984\/wp-content\/uploads\/2026\/03\/CURSOS-300x150.jpg 300w\" sizes=\"auto, (max-width: 600px) 100vw, 600px\" \/><\/figure>\n\n\n\n<figure class=\"wp-block-table is-style-stripes has-small-font-size\"><table class=\"has-kb-palette-0-color has-text-color has-background has-link-color\" style=\"background-color:#c9eeff\"><tbody><tr><td><strong>CURSO<\/strong><\/td><td><strong>PROFESOR(A<\/strong>) JEFE<\/td><td><strong>GRUPO CORREOS APODERADOS DEL CURSO<\/strong><\/td><\/tr><tr><td>Pre K\u00ednder A<\/td><td>Carmen Miranda<br>carmenmiranda@cemmle.cl<\/td><td>generacion2039a_apoderados@cemmle.cl<\/td><\/tr><tr><td>Pre K\u00ednder B<\/td><td>Romina Moya<br>rominamoya@cemmle.cl<\/td><td>generacion2039b_apoderados@cemmle.cl<\/td><\/tr><tr><td>K\u00ednder A<\/td><td>Paula Sep\u00falveda<br>paulasepulveda@cemmle.cl<\/td><td>generacion2038a_apoderados@cemmle.cl<\/td><\/tr><tr><td>K\u00ednder B<\/td><td>Paulette Saavedra<br>paulettesaavedra@cemmle.cl<\/td><td>generacion2038b_apoderados@cemmle.cl<\/td><\/tr><tr><td>1ro. B\u00e1sico A<\/td><td>Francisca V\u00e1squez<br>franciscavasquez@cemmle.cl<\/td><td>generacion2037a_apoderados@cemmle.cl<\/td><\/tr><tr><td>1ro. B\u00e1sico B<\/td><td>Trace Cort\u00e9s \/ Renee Aliaga<br>tracecortes@cemmle.cl<\/td><td>generacion2037b_apoderados@cemmle.cl<\/td><\/tr><tr><td>2do. B\u00e1sico A<\/td><td>Ruth Gonz\u00e1lez<br>ruthgonzalez@cemmle.cl<\/td><td>generacion2036a_apoderados@cemmle.cl<\/td><\/tr><tr><td>2do. B\u00e1sico B<\/td><td>Marisela Herrera<br>mariselaherrera@cemmle.cl<\/td><td>generacion2036b_apoderados@cemmle.cl<\/td><\/tr><tr><td>3ro. B\u00e1sico A<\/td><td>Soledad Valenzuela<br>soledadvalenzuela@cemmle.cl<\/td><td>generacion2035a_apoderados@cemmle.cl<\/td><\/tr><tr><td>3ro. B\u00e1sico B<\/td><td>Carmen Gloria Mu\u00f1oz<br>carmengloriamunoz@cemmle.cl<\/td><td>generacion2035b_apoderados@cemmle.cl<\/td><\/tr><tr><td>4to. B\u00e1sico A<\/td><td>Patricia Gonz\u00e1lez<br>patriciagonzalez@cemmle.cl<\/td><td>generacion2034a_apoderados@cemmle.cl<\/td><\/tr><tr><td>4to. B\u00e1sico B<\/td><td>Renee Aliaga<br>reneealiaga@cemmle.cl<\/td><td>generacion2034b_apoderados@cemmle.cl<\/td><\/tr><tr><td>5to. b\u00e1sico A<\/td><td>Javiera N\u00fa\u00f1ez<br>javieranunez@cemmle.cl<\/td><td>generacion2033a_apoderados@cemmle.cl<\/td><\/tr><tr><td>5to. b\u00e1sico B<\/td><td>Sandra Acevedo<br>sandraacevedo@cemmle.cl<\/td><td>generacion2033a_apoderados@cemmle.cl<\/td><\/tr><tr><td>6to. B\u00e1sico A<\/td><td>Iris Moris<br>irismoris@cemmle.cl<\/td><td>generacion2032a_apoderados@cemmle.cl<\/td><\/tr><tr><td>6to. B\u00e1sico B<\/td><td>B\u00e1rbara uribe<br>barbarauribe@cemmle.cl<\/td><td>generacion2032b_apoderados@cemmle.cl<\/td><\/tr><tr><td>7mo. B\u00e1sico A<\/td><td>\u00c1lvaro Donoso<br>alvarodonoso@cemmle.cl<\/td><td>generacion2031a_apoderados@cemmle.cl<\/td><\/tr><tr><td>7mo. B\u00e1sico B<\/td><td>Luis Courriol A.<br>luiscourriol@cemmle.cl<\/td><td>generacion2031b_apoderados@cemmle.cl<\/td><\/tr><tr><td>8vo. B\u00e1sico A<\/td><td>Catherine Navarro<br>catherinenavarro<\/td><td>generacion2030a_apoderados@cemmle.cl<\/td><\/tr><tr><td>8vo. B\u00e1sico B<\/td><td>Gonzalo Lizama<br>gonzalolizama@cemmle.cl<\/td><td>generacion2030b_apoderados@cemmle.cl<\/td><\/tr><tr><td>1ro. Medio A<\/td><td>M\u00f3nica Gonz\u00e1lez<br>monicagonzalez@cemmle.cl<\/td><td>generacion2029a_apoderados@cemmle.cl<\/td><\/tr><tr><td>1ro. medio B<\/td><td>Diego Galdames<br>diegogaldames@cemmle.cl<\/td><td>generacion2029b_apoderados@cemmle.cl<\/td><\/tr><tr><td>2do. Medio A<\/td><td>Alejandro Cofr\u00e9<br>alejandrocofre@cemmle.cl<\/td><td>generacion2028a_apoderados@cemmle.cl<\/td><\/tr><tr><td>2do. Medio B<\/td><td>Cecilia Ardiles<br>ceciliaardiles@cemmle.cl<\/td><td>generacion2028b_apoderados@cemmle.cl<\/td><\/tr><tr><td>3ro. Medio A<\/td><td>Bel\u00e9n Tapia<br>belentapia@cemmle.cl<\/td><td>generacion2027a_apoderados@cemmle.cl<\/td><\/tr><tr><td>3ro. Medio B<\/td><td>Anais Salinas<br>anaissalinas@cemmle.cl<\/td><td>generacion2027b_apoderados@cemmle.cl<\/td><\/tr><tr><td>4to. Medio A<\/td><td>Daniela Iturriaga<br>danielaiturriaga@cemmle.cl<\/td><td>generacion2026a_apoderados@cemmle.cl<\/td><\/tr><tr><td>4to. Medio B<\/td><td>Ariel C\u00e1ceres<br>arielcaceres@cemmle.cl<\/td><td>generacion2026b_apoderados@cemmle.cl<\/td><\/tr><\/tbody><\/table><\/figure>\n\n\n\n<p><\/p>\n","protected":false},"excerpt":{"rendered":"<p>CURSO PROFESOR(A) JEFE GRUPO CORREOS APODERADOS DEL CURSO Pre K\u00ednder A Carmen Mirandacarmenmiranda@cemmle.cl generacion2039a_apoderados@cemmle.cl Pre K\u00ednder B Romina Moyarominamoya@cemmle.cl generacion2039b_apoderados@cemmle.cl K\u00ednder A Paula Sep\u00falvedapaulasepulveda@cemmle.cl generacion2038a_apoderados@cemmle.cl K\u00ednder B Paulette Saavedrapaulettesaavedra@cemmle.cl generacion2038b_apoderados@cemmle.cl 1ro. B\u00e1sico A Francisca V\u00e1squezfranciscavasquez@cemmle.cl generacion2037a_apoderados@cemmle.cl 1ro. B\u00e1sico B Trace Cort\u00e9s \/ Renee Aliagatracecortes@cemmle.cl generacion2037b_apoderados@cemmle.cl 2do. B\u00e1sico A Ruth Gonz\u00e1lezruthgonzalez@cemmle.cl generacion2036a_apoderados@cemmle.cl 2do. B\u00e1sico B Marisela [&hellip;]<\/p>\n","protected":false},"author":1,"featured_media":2027,"parent":0,"menu_order":0,"comment_status":"open","ping_status":"closed","template":"page-portfolio.php","meta":{"_themeisle_gutenberg_block_has_review":false,"footnotes":""},"class_list":["post-154","page","type-page","status-publish","has-post-thumbnail","hentry"],"_links":{"self":[{"href":"https:\/\/www.cemmle.cl\/1984\/index.php\/wp-json\/wp\/v2\/pages\/154","targetHints":{"allow":["GET"]}}],"collection":[{"href":"https:\/\/www.cemmle.cl\/1984\/index.php\/wp-json\/wp\/v2\/pages"}],"about":[{"href":"https:\/\/www.cemmle.cl\/1984\/index.php\/wp-json\/wp\/v2\/types\/page"}],"author":[{"embeddable":true,"href":"https:\/\/www.cemmle.cl\/1984\/index.php\/wp-json\/wp\/v2\/users\/1"}],"replies":[{"embeddable":true,"href":"https:\/\/www.cemmle.cl\/1984\/index.php\/wp-json\/wp\/v2\/comments?post=154"}],"version-history":[{"count":29,"href":"https:\/\/www.cemmle.cl\/1984\/index.php\/wp-json\/wp\/v2\/pages\/154\/revisions"}],"predecessor-version":[{"id":2051,"href":"https:\/\/www.cemmle.cl\/1984\/index.php\/wp-json\/wp\/v2\/pages\/154\/revisions\/2051"}],"wp:featuredmedia":[{"embeddable":true,"href":"https:\/\/www.cemmle.cl\/1984\/index.php\/wp-json\/wp\/v2\/media\/2027"}],"wp:attachment":[{"href":"https:\/\/www.cemmle.cl\/1984\/index.php\/wp-json\/wp\/v2\/media?parent=154"}],"curies":[{"name":"wp","href":"https:\/\/api.w.org\/{rel}","templated":true}]}}